{"id":1490,"date":"2024-01-15T14:33:43","date_gmt":"2024-01-15T13:33:43","guid":{"rendered":"https:\/\/soudayenfete.com\/?page_id=1490"},"modified":"2026-02-23T22:19:08","modified_gmt":"2026-02-23T21:19:08","slug":"les-prochains-evenements","status":"publish","type":"page","link":"https:\/\/soudayenfete.com\/index.php\/les-prochains-evenements\/","title":{"rendered":"Les prochains \u00e9v\u00e8nements"},"content":{"rendered":"\t\t<div data-elementor-type=\"wp-page\" data-elementor-id=\"1490\" class=\"elementor elementor-1490\">\n\t\t\t\t\t\t<section class=\"elementor-section elementor-top-section elementor-element elementor-element-fe29f9c elementor-section-full_width elementor-section-stretched elementor-section-height-default elementor-section-height-default exad-glass-effect-no exad-sticky-section-no\" data-id=\"fe29f9c\" data-element_type=\"section\" data-e-type=\"section\" data-settings=\"{&quot;stretch_section&quot;:&quot;section-stretched&quot;,&quot;background_background&quot;:&quot;classic&quot;}\">\n\t\t\t\t\t\t\t<div class=\"elementor-background-overlay\"><\/div>\n\t\t\t\t\t\t\t<div class=\"elementor-container elementor-column-gap-default\">\n\t\t\t\t\t<div class=\"elementor-column elementor-col-100 elementor-top-column elementor-element elementor-element-871dd62 exad-glass-effect-no exad-sticky-section-no\" data-id=\"871dd62\" data-element_type=\"column\" data-e-type=\"column\">\n\t\t\t<div class=\"elementor-widget-wrap elementor-element-populated\">\n\t\t\t\t\t\t<div class=\"elementor-element elementor-element-30139f7 exad-sticky-section-no exad-glass-effect-no elementor-widget elementor-widget-heading\" data-id=\"30139f7\" data-element_type=\"widget\" data-e-type=\"widget\" data-widget_type=\"heading.default\">\n\t\t\t\t<div class=\"elementor-widget-container\">\n\t\t\t\t\t<h1 class=\"elementor-heading-title elementor-size-default\">Les prochains \u00e9v\u00e8nements<\/h1>\t\t\t\t<\/div>\n\t\t\t\t<\/div>\n\t\t\t\t\t<\/div>\n\t\t<\/div>\n\t\t\t\t\t<\/div>\n\t\t<\/section>\n\t\t\t\t<section class=\"elementor-section elementor-top-section elementor-element elementor-element-5bc2d96 elementor-section-boxed elementor-section-height-default elementor-section-height-default exad-glass-effect-no exad-sticky-section-no\" data-id=\"5bc2d96\" data-element_type=\"section\" data-e-type=\"section\">\n\t\t\t\t\t\t<div class=\"elementor-container elementor-column-gap-default\">\n\t\t\t\t\t<div class=\"elementor-column elementor-col-100 elementor-top-column elementor-element elementor-element-9772998 exad-glass-effect-no exad-sticky-section-no\" data-id=\"9772998\" data-element_type=\"column\" data-e-type=\"column\">\n\t\t\t<div class=\"elementor-widget-wrap elementor-element-populated\">\n\t\t\t\t\t\t<div class=\"elementor-element elementor-element-430100d exad-sticky-section-no exad-glass-effect-no elementor-widget elementor-widget-heading\" data-id=\"430100d\" data-element_type=\"widget\" data-e-type=\"widget\" data-widget_type=\"heading.default\">\n\t\t\t\t<div class=\"elementor-widget-container\">\n\t\t\t\t\t<h2 class=\"elementor-heading-title elementor-size-default\">Notre prochain \u00e9v\u00e8nement :<\/h2>\t\t\t\t<\/div>\n\t\t\t\t<\/div>\n\t\t\t\t\t<\/div>\n\t\t<\/div>\n\t\t\t\t\t<\/div>\n\t\t<\/section>\n\t\t\t\t<section class=\"elementor-section elementor-top-section elementor-element elementor-element-0f5c6d3 elementor-section-boxed elementor-section-height-default elementor-section-height-default exad-glass-effect-no exad-sticky-section-no\" data-id=\"0f5c6d3\" data-element_type=\"section\" data-e-type=\"section\">\n\t\t\t\t\t\t<div class=\"elementor-container elementor-column-gap-default\">\n\t\t\t\t\t<div class=\"elementor-column elementor-col-50 elementor-top-column elementor-element elementor-element-484d474 exad-glass-effect-no exad-sticky-section-no\" data-id=\"484d474\" data-element_type=\"column\" data-e-type=\"column\">\n\t\t\t<div class=\"elementor-widget-wrap\">\n\t\t\t\t\t\t\t<\/div>\n\t\t<\/div>\n\t\t\t\t<div class=\"elementor-column elementor-col-50 elementor-top-column elementor-element elementor-element-f34b10f exad-glass-effect-no exad-sticky-section-no\" data-id=\"f34b10f\" data-element_type=\"column\" data-e-type=\"column\">\n\t\t\t<div class=\"elementor-widget-wrap\">\n\t\t\t\t\t\t\t<\/div>\n\t\t<\/div>\n\t\t\t\t\t<\/div>\n\t\t<\/section>\n\t\t\t\t<section class=\"elementor-section elementor-top-section elementor-element elementor-element-95e5b75 elementor-section-boxed elementor-section-height-default elementor-section-height-default exad-glass-effect-no exad-sticky-section-no\" data-id=\"95e5b75\" data-element_type=\"section\" data-e-type=\"section\">\n\t\t\t\t\t\t<div class=\"elementor-container elementor-column-gap-default\">\n\t\t\t\t\t<div class=\"elementor-column elementor-col-50 elementor-top-column elementor-element elementor-element-90b1386 exad-glass-effect-no exad-sticky-section-no\" data-id=\"90b1386\" data-element_type=\"column\" data-e-type=\"column\">\n\t\t\t<div class=\"elementor-widget-wrap elementor-element-populated\">\n\t\t\t\t\t\t<div class=\"elementor-element elementor-element-872f2e1 exad-sticky-section-no exad-glass-effect-no elementor-widget elementor-widget-image\" data-id=\"872f2e1\" data-element_type=\"widget\" data-e-type=\"widget\" data-widget_type=\"image.default\">\n\t\t\t\t<div class=\"elementor-widget-container\">\n\t\t\t\t\t\t\t\t\t\t\t\t\t\t\t\t<a href=\"https:\/\/soudayenfete.com\/index.php\/2026\/02\/23\/11-avril-2026-soiree-annees-80-90-2000\/\">\n\t\t\t\t\t\t\t<img decoding=\"async\" src=\"https:\/\/soudayenfete.com\/wp-content\/uploads\/elementor\/thumbs\/Neon-Purple-80s-Music-Poster-4-rjldpra9argargojuhurz24z0kwzg49hffisinoxs0.avif\" title=\"affiche soir\u00e9e ann\u00e9e 80 90 2000 &#8211; 11 Avril 2026\" alt=\"affiche soir\u00e9e ann\u00e9e 80 90 2000 - 11 Avril 2026\" loading=\"lazy\" \/>\t\t\t\t\t\t\t\t<\/a>\n\t\t\t\t\t\t\t\t\t\t\t\t\t\t\t<\/div>\n\t\t\t\t<\/div>\n\t\t\t\t\t<\/div>\n\t\t<\/div>\n\t\t\t\t<div class=\"elementor-column elementor-col-50 elementor-top-column elementor-element elementor-element-bb5cd69 exad-glass-effect-no exad-sticky-section-no\" data-id=\"bb5cd69\" data-element_type=\"column\" data-e-type=\"column\">\n\t\t\t<div class=\"elementor-widget-wrap elementor-element-populated\">\n\t\t\t\t\t\t<div class=\"elementor-element elementor-element-0751333 exad-sticky-section-no exad-glass-effect-no elementor-widget elementor-widget-text-editor\" data-id=\"0751333\" data-element_type=\"widget\" data-e-type=\"widget\" data-widget_type=\"text-editor.default\">\n\t\t\t\t<div class=\"elementor-widget-container\">\n\t\t\t\t\t\t\t\t\t<h3 data-path-to-node=\"2\"><b data-path-to-node=\"2\" data-index-in-node=\"0\">Flashback Party \u00e0 Souday : Pr\u00eats pour le voyage ?<\/b> \ud83d\ude80<\/h3><p data-path-to-node=\"3\">L&rsquo;association <b data-path-to-node=\"3\" data-index-in-node=\"14\">Souday en F\u00eate<\/b> vous donne rendez-vous pour une immersion totale dans les <b data-path-to-node=\"3\" data-index-in-node=\"87\">ann\u00e9es 80, 90 et 2000<\/b> ! Une soir\u00e9e o\u00f9 nostalgie rime avec folie.<\/p><p data-path-to-node=\"4\"><b data-path-to-node=\"4\" data-index-in-node=\"0\">Au programme :<\/b><\/p><ul data-path-to-node=\"5\"><li><p data-path-to-node=\"5,0,0\">\ud83c\udf79 <b data-path-to-node=\"5,0,0\" data-index-in-node=\"3\">Ambiance :<\/b> Jeu ap\u00e9ro et grand karaok\u00e9 pour s&rsquo;\u00e9chauffer la voix.<\/p><\/li><li><p data-path-to-node=\"5,1,0\">\ud83c\udf7d\ufe0f <b data-path-to-node=\"5,1,0\" data-index-in-node=\"4\">Festin :<\/b> Un menu gourmand (Ballotine de truite, Confit de canard &amp; Sarladaises, Cr\u00e8me br\u00fbl\u00e9e).<\/p><\/li><li><p data-path-to-node=\"5,2,0\">\ud83d\udc83 <b data-path-to-node=\"5,2,0\" data-index-in-node=\"3\">Dancefloor :<\/b> Les DJ de l&rsquo;asso aux platines pour mixer les plus grands tubes de votre jeunesse.<\/p><\/li><\/ul><p data-path-to-node=\"6\"><b data-path-to-node=\"6\" data-index-in-node=\"0\">Le petit plus :<\/b> On ressort le fluo, les paillettes et les jeans taille haute ! Venez <b data-path-to-node=\"6\" data-index-in-node=\"85\">look\u00e9s<\/b> pour coller au th\u00e8me.<\/p><blockquote data-path-to-node=\"7\"><p data-path-to-node=\"7,0\"><b data-path-to-node=\"7,0\" data-index-in-node=\"0\">Inscrivez-vous vite <a class=\"ng-star-inserted\" href=\"https:\/\/fetesouday.s2.yapla.com\/fr\/event-107557\" target=\"_blank\" rel=\"noopener\" data-hveid=\"0\" data-ved=\"0CAAQ_4QMahgKEwj9jOWRufCSAxUAAAAAHQAAAAAQswE\">ici<\/a> !<\/b> Places limit\u00e9es.<\/p><\/blockquote>\t\t\t\t\t\t\t\t<\/div>\n\t\t\t\t<\/div>\n\t\t\t\t\t<\/div>\n\t\t<\/div>\n\t\t\t\t\t<\/div>\n\t\t<\/section>\n\t\t\t\t<section class=\"elementor-section elementor-top-section elementor-element elementor-element-49b4426 elementor-section-boxed elementor-section-height-default elementor-section-height-default exad-glass-effect-no exad-sticky-section-no\" data-id=\"49b4426\" data-element_type=\"section\" data-e-type=\"section\">\n\t\t\t\t\t\t<div class=\"elementor-container elementor-column-gap-default\">\n\t\t\t\t\t<div class=\"elementor-column elementor-col-100 elementor-top-column elementor-element elementor-element-190d820 exad-glass-effect-no exad-sticky-section-no\" data-id=\"190d820\" data-element_type=\"column\" data-e-type=\"column\">\n\t\t\t<div class=\"elementor-widget-wrap elementor-element-populated\">\n\t\t\t\t\t\t<div class=\"elementor-element elementor-element-ab27f23 elementor-align-center elementor-hidden-desktop elementor-hidden-tablet elementor-hidden-mobile exad-sticky-section-no exad-glass-effect-no elementor-widget elementor-widget-button\" data-id=\"ab27f23\" data-element_type=\"widget\" data-e-type=\"widget\" data-widget_type=\"button.default\">\n\t\t\t\t<div class=\"elementor-widget-container\">\n\t\t\t\t\t\t\t\t\t<div class=\"elementor-button-wrapper\">\n\t\t\t\t\t<a class=\"elementor-button elementor-button-link elementor-size-sm\" href=\"#\">\n\t\t\t\t\t\t<span class=\"elementor-button-content-wrapper\">\n\t\t\t\t\t\t\t\t\t<span class=\"elementor-button-text\">S'inscrire<\/span>\n\t\t\t\t\t<\/span>\n\t\t\t\t\t<\/a>\n\t\t\t\t<\/div>\n\t\t\t\t\t\t\t\t<\/div>\n\t\t\t\t<\/div>\n\t\t\t\t\t<\/div>\n\t\t<\/div>\n\t\t\t\t\t<\/div>\n\t\t<\/section>\n\t\t\t\t<section class=\"elementor-section elementor-top-section elementor-element elementor-element-505358a elementor-section-boxed elementor-section-height-default elementor-section-height-default exad-glass-effect-no exad-sticky-section-no\" data-id=\"505358a\" data-element_type=\"section\" data-e-type=\"section\">\n\t\t\t\t\t\t<div class=\"elementor-container elementor-column-gap-default\">\n\t\t\t\t\t<div class=\"elementor-column elementor-col-100 elementor-top-column elementor-element elementor-element-c465eda exad-glass-effect-no exad-sticky-section-no\" data-id=\"c465eda\" data-element_type=\"column\" data-e-type=\"column\">\n\t\t\t<div class=\"elementor-widget-wrap elementor-element-populated\">\n\t\t\t\t\t\t<div class=\"elementor-element elementor-element-fcb2ff6 exad-sticky-section-no exad-glass-effect-no elementor-widget elementor-widget-heading\" data-id=\"fcb2ff6\" data-element_type=\"widget\" data-e-type=\"widget\" data-widget_type=\"heading.default\">\n\t\t\t\t<div class=\"elementor-widget-container\">\n\t\t\t\t\t<h2 class=\"elementor-heading-title elementor-size-default\">Cette ann\u00e9e, on vous propose \ud83d\udc40 :<\/h2>\t\t\t\t<\/div>\n\t\t\t\t<\/div>\n\t\t\t\t<div class=\"elementor-element elementor-element-3d5a4d6 exad-sticky-section-no exad-glass-effect-no elementor-widget elementor-widget-exad-post-grid\" data-id=\"3d5a4d6\" data-element_type=\"widget\" data-e-type=\"widget\" data-widget_type=\"exad-post-grid.default\">\n\t\t\t\t<div class=\"elementor-widget-container\">\n\t\t\t\t\t\t\t\r\n\r\n\t\t<div class=\"exad-post-grid\">\r\n\t\t\t<div class=\"exad-row-wrapper\">\r\n\t\t\t\t\r\n<article class=\"exad-post-grid-three exad-col  \">\r\n    <div class=\"exad-post-grid-container image-position-top exad-post-grid-equal-height-yes\">\r\n        \t\t\r\n\t\t        <div class=\"exad-post-grid-body\">\r\n            \t\t\t\t\r\n\t\t\t\t\t\t\t\r\n                    <h3>\r\n\t\t\t\t\t\r\n\t\t\t\t\t\t\t\r\n                        <a href=\"https:\/\/soudayenfete.com\/index.php\/2026\/02\/23\/5-decembre-2026-super-loto-de-noel\/\" class=\"exad-post-grid-title\">5 D\u00e9cembre 2026 &#8211; Super Loto de No\u00ebl<\/a>\r\n\t\t\t\t\r\n\t\t\t\t\t\t\t\t\t\r\n                    <\/h3>\r\n\t\t\t\t\t\r\n\t\t\t\t\t\t\t\t\r\n                                <div class=\"exad-post-grid-description\">\r\n                                    <\/div>\r\n                            <div class=\"exad-post-footer\"><a href=\"https:\/\/soudayenfete.com\/index.php\/2026\/02\/23\/5-decembre-2026-super-loto-de-noel\/\" target=\"_blank\" class=\"read-more\">Lire la suite<\/a><\/div>\r\n            \r\n        <\/div>\r\n        \t\t\r\n\t\t\t\t\r\n    <\/div>\r\n<\/article>\r\n\r\n<article class=\"exad-post-grid-three exad-col  \">\r\n    <div class=\"exad-post-grid-container image-position-top exad-post-grid-equal-height-yes\">\r\n        \t\t\r\n\t\t        <div class=\"exad-post-grid-body\">\r\n            \t\t\t\t\r\n\t\t\t\t\t\t\t\r\n                    <h3>\r\n\t\t\t\t\t\r\n\t\t\t\t\t\t\t\r\n                        <a href=\"https:\/\/soudayenfete.com\/index.php\/2026\/02\/23\/31-octobre-2026-parade-dhalloween-et-soiree-dancefloor\/\" class=\"exad-post-grid-title\">31 Octobre 2026 &#8211; Parade d&rsquo;Halloween et soir\u00e9e dancefloor<\/a>\r\n\t\t\t\t\r\n\t\t\t\t\t\t\t\t\t\r\n                    <\/h3>\r\n\t\t\t\t\t\r\n\t\t\t\t\t\t\t\t\r\n                                <div class=\"exad-post-grid-description\">\r\n                                    <\/div>\r\n                            <div class=\"exad-post-footer\"><a href=\"https:\/\/soudayenfete.com\/index.php\/2026\/02\/23\/31-octobre-2026-parade-dhalloween-et-soiree-dancefloor\/\" target=\"_blank\" class=\"read-more\">Lire la suite<\/a><\/div>\r\n            \r\n        <\/div>\r\n        \t\t\r\n\t\t\t\t\r\n    <\/div>\r\n<\/article>\r\n\r\n<article class=\"exad-post-grid-three exad-col  \">\r\n    <div class=\"exad-post-grid-container image-position-top exad-post-grid-equal-height-yes\">\r\n        \t\t\r\n\t\t        <div class=\"exad-post-grid-body\">\r\n            \t\t\t\t\r\n\t\t\t\t\t\t\t\r\n                    <h3>\r\n\t\t\t\t\t\r\n\t\t\t\t\t\t\t\r\n                        <a href=\"https:\/\/soudayenfete.com\/index.php\/2026\/02\/23\/5-juillet-2026-grande-brocante-de-souday\/\" class=\"exad-post-grid-title\">5 Juillet 2026 &#8211; Grande brocante de Souday<\/a>\r\n\t\t\t\t\r\n\t\t\t\t\t\t\t\t\t\r\n                    <\/h3>\r\n\t\t\t\t\t\r\n\t\t\t\t\t\t\t\t\r\n                                <div class=\"exad-post-grid-description\">\r\n                                    <\/div>\r\n                            <div class=\"exad-post-footer\"><a href=\"https:\/\/soudayenfete.com\/index.php\/2026\/02\/23\/5-juillet-2026-grande-brocante-de-souday\/\" target=\"_blank\" class=\"read-more\">Lire la suite<\/a><\/div>\r\n            \r\n        <\/div>\r\n        \t\t\r\n\t\t\t\t\r\n    <\/div>\r\n<\/article>\r\n\r\n<article class=\"exad-post-grid-three exad-col  \">\r\n    <div class=\"exad-post-grid-container image-position-top exad-post-grid-equal-height-yes\">\r\n        \t\t\r\n\t\t        <div class=\"exad-post-grid-body\">\r\n            \t\t\t\t\r\n\t\t\t\t\t\t\t\r\n                    <h3>\r\n\t\t\t\t\t\r\n\t\t\t\t\t\t\t\r\n                        <a href=\"https:\/\/soudayenfete.com\/index.php\/2026\/02\/23\/11-avril-2026-soiree-annees-80-90-2000\/\" class=\"exad-post-grid-title\">11 Avril 2026 &#8211; Soir\u00e9e ann\u00e9es 80 &#8211; 90 &#8211; 2000<\/a>\r\n\t\t\t\t\r\n\t\t\t\t\t\t\t\t\t\r\n                    <\/h3>\r\n\t\t\t\t\t\r\n\t\t\t\t\t\t\t\t\r\n                                <div class=\"exad-post-grid-description\">\r\n                    Vous avez la nostalgie des ann\u00e9es...                <\/div>\r\n                            <div class=\"exad-post-footer\"><a href=\"https:\/\/soudayenfete.com\/index.php\/2026\/02\/23\/11-avril-2026-soiree-annees-80-90-2000\/\" target=\"_blank\" class=\"read-more\">Lire la suite<\/a><\/div>\r\n            \r\n        <\/div>\r\n        \t\t\r\n\t\t\t\t\r\n    <\/div>\r\n<\/article>\r\n    \r\n\t\t\t<\/div>\r\n\t\t\t<div class=\"exad-post-grid-load-btn\">\r\n\t\t\t\t\t\t\t<\/div>\r\n\t\t<\/div>\r\n\r\n\t\t\t\t\t<\/div>\n\t\t\t\t<\/div>\n\t\t\t\t\t<\/div>\n\t\t<\/div>\n\t\t\t\t\t<\/div>\n\t\t<\/section>\n\t\t\t\t<\/div>\n\t\t","protected":false},"excerpt":{"rendered":"<p>Les prochains \u00e9v\u00e8nements Notre prochain \u00e9v\u00e8nement : Flashback Party \u00e0 Souday : Pr\u00eats pour le voyage ? \ud83d\ude80 L&rsquo;association Souday en F\u00eate vous donne rendez-vous pour une immersion totale dans les ann\u00e9es 80, 90 et 2000 ! Une soir\u00e9e o\u00f9 nostalgie rime avec folie. Au programme : \ud83c\udf79 Ambiance : Jeu ap\u00e9ro et grand karaok\u00e9&#8230;<\/p>\n","protected":false},"author":1,"featured_media":0,"parent":0,"menu_order":0,"comment_status":"closed","ping_status":"closed","template":"","meta":{"_kadence_starter_templates_imported_post":false,"_kad_post_transparent":"","_kad_post_title":"hide","_kad_post_layout":"fullwidth","_kad_post_sidebar_id":"","_kad_post_content_style":"unboxed","_kad_post_vertical_padding":"hide","_kad_post_feature":"hide","_kad_post_feature_position":"","_kad_post_header":false,"_kad_post_footer":false,"_kad_post_classname":"","footnotes":""},"class_list":["post-1490","page","type-page","status-publish","hentry"],"_links":{"self":[{"href":"https:\/\/soudayenfete.com\/index.php\/wp-json\/wp\/v2\/pages\/1490","targetHints":{"allow":["GET"]}}],"collection":[{"href":"https:\/\/soudayenfete.com\/index.php\/wp-json\/wp\/v2\/pages"}],"about":[{"href":"https:\/\/soudayenfete.com\/index.php\/wp-json\/wp\/v2\/types\/page"}],"author":[{"embeddable":true,"href":"https:\/\/soudayenfete.com\/index.php\/wp-json\/wp\/v2\/users\/1"}],"replies":[{"embeddable":true,"href":"https:\/\/soudayenfete.com\/index.php\/wp-json\/wp\/v2\/comments?post=1490"}],"version-history":[{"count":158,"href":"https:\/\/soudayenfete.com\/index.php\/wp-json\/wp\/v2\/pages\/1490\/revisions"}],"predecessor-version":[{"id":3359,"href":"https:\/\/soudayenfete.com\/index.php\/wp-json\/wp\/v2\/pages\/1490\/revisions\/3359"}],"wp:attachment":[{"href":"https:\/\/soudayenfete.com\/index.php\/wp-json\/wp\/v2\/media?parent=1490"}],"curies":[{"name":"wp","href":"https:\/\/api.w.org\/{rel}","templated":true}]}}