{"id":1497,"date":"2024-01-15T14:34:49","date_gmt":"2024-01-15T13:34:49","guid":{"rendered":"https:\/\/soudayenfete.com\/?page_id=1497"},"modified":"2024-01-17T10:39:29","modified_gmt":"2024-01-17T09:39:29","slug":"nos-evenements-passes","status":"publish","type":"page","link":"https:\/\/soudayenfete.com\/index.php\/nos-evenements-passes\/","title":{"rendered":"Nos \u00e9v\u00e8nements pass\u00e9s"},"content":{"rendered":"\t\t<div data-elementor-type=\"wp-page\" data-elementor-id=\"1497\" class=\"elementor elementor-1497\">\n\t\t\t\t\t\t<section class=\"elementor-section elementor-top-section elementor-element elementor-element-f124d6f elementor-section-full_width elementor-section-stretched elementor-section-height-default elementor-section-height-default exad-glass-effect-no exad-sticky-section-no\" data-id=\"f124d6f\" data-element_type=\"section\" data-e-type=\"section\" data-settings=\"{&quot;stretch_section&quot;:&quot;section-stretched&quot;,&quot;background_background&quot;:&quot;classic&quot;}\">\n\t\t\t\t\t\t\t<div class=\"elementor-background-overlay\"><\/div>\n\t\t\t\t\t\t\t<div class=\"elementor-container elementor-column-gap-default\">\n\t\t\t\t\t<div class=\"elementor-column elementor-col-100 elementor-top-column elementor-element elementor-element-96262bf exad-glass-effect-no exad-sticky-section-no\" data-id=\"96262bf\" data-element_type=\"column\" data-e-type=\"column\">\n\t\t\t<div class=\"elementor-widget-wrap elementor-element-populated\">\n\t\t\t\t\t\t<div class=\"elementor-element elementor-element-359ff2a exad-sticky-section-no exad-glass-effect-no elementor-widget elementor-widget-heading\" data-id=\"359ff2a\" data-element_type=\"widget\" data-e-type=\"widget\" data-widget_type=\"heading.default\">\n\t\t\t\t<div class=\"elementor-widget-container\">\n\t\t\t\t\t<h1 class=\"elementor-heading-title elementor-size-default\">Nos \u00e9v\u00e8nements pass\u00e9s<\/h1>\t\t\t\t<\/div>\n\t\t\t\t<\/div>\n\t\t\t\t\t<\/div>\n\t\t<\/div>\n\t\t\t\t\t<\/div>\n\t\t<\/section>\n\t\t\t\t<section class=\"elementor-section elementor-top-section elementor-element elementor-element-750f060 elementor-section-stretched elementor-section-boxed elementor-section-height-default elementor-section-height-default exad-glass-effect-no exad-sticky-section-no\" data-id=\"750f060\" data-element_type=\"section\" data-e-type=\"section\" data-settings=\"{&quot;stretch_section&quot;:&quot;section-stretched&quot;,&quot;background_background&quot;:&quot;classic&quot;}\">\n\t\t\t\t\t\t<div class=\"elementor-container elementor-column-gap-default\">\n\t\t\t\t\t<div class=\"elementor-column elementor-col-100 elementor-top-column elementor-element elementor-element-90056ba exad-glass-effect-no exad-sticky-section-no\" data-id=\"90056ba\" data-element_type=\"column\" data-e-type=\"column\">\n\t\t\t<div class=\"elementor-widget-wrap elementor-element-populated\">\n\t\t\t\t\t\t<div class=\"elementor-element elementor-element-f3f81b6 exad-sticky-section-no exad-glass-effect-no elementor-widget elementor-widget-heading\" data-id=\"f3f81b6\" data-element_type=\"widget\" data-e-type=\"widget\" data-widget_type=\"heading.default\">\n\t\t\t\t<div class=\"elementor-widget-container\">\n\t\t\t\t\t<h2 class=\"elementor-heading-title elementor-size-default\">Un peu de nostalgie ? Revivez nos festivit\u00e9s comme si c'\u00e9tait hier..<\/h2>\t\t\t\t<\/div>\n\t\t\t\t<\/div>\n\t\t\t\t<div class=\"elementor-element elementor-element-e520810 exad-sticky-section-no exad-glass-effect-no elementor-widget elementor-widget-exad-post-grid\" data-id=\"e520810\" data-element_type=\"widget\" data-e-type=\"widget\" data-widget_type=\"exad-post-grid.default\">\n\t\t\t\t<div class=\"elementor-widget-container\">\n\t\t\t\t\t\t\t\r\n\r\n\t\t<div class=\"exad-post-grid\">\r\n\t\t\t<div class=\"exad-row-wrapper\">\r\n\t\t\t\t\r\n<article class=\"exad-post-grid-three exad-col  \">\r\n    <div class=\"exad-post-grid-container image-position-top exad-post-grid-equal-height-yes\">\r\n        \t\t\r\n\t\t        <div class=\"exad-post-grid-body\">\r\n            \t\t\t\t\r\n\t\t\t\t\t\t\t\r\n                    <h3>\r\n\t\t\t\t\t\r\n\t\t\t\t\t\t\t\r\n                        <a href=\"https:\/\/soudayenfete.com\/index.php\/2026\/01\/21\/assemblee-generale-25-01-2026-son-verre-de-lamitie-%f0%9f%a5%82\/\" class=\"exad-post-grid-title\">Assembl\u00e9e G\u00e9n\u00e9rale 25\/01\/2026 &amp; son Verre de l\u2019Amiti\u00e9 \ud83e\udd42<\/a>\r\n\t\t\t\t\r\n\t\t\t\t\t\t\t\t\t\r\n                    <\/h3>\r\n\t\t\t\t\t\r\n\t\t\t\t\t\t\t\t\r\n                                <div class=\"exad-post-grid-description\">\r\n                                    <\/div>\r\n                            <div class=\"exad-post-footer\"><a href=\"https:\/\/soudayenfete.com\/index.php\/2026\/01\/21\/assemblee-generale-25-01-2026-son-verre-de-lamitie-%f0%9f%a5%82\/\" target=\"_blank\" class=\"read-more\">Lire la suite<\/a><\/div>\r\n            \r\n        <\/div>\r\n        \t\t\r\n\t\t\t\t\r\n    <\/div>\r\n<\/article>\r\n\r\n<article class=\"exad-post-grid-three exad-col  \">\r\n    <div class=\"exad-post-grid-container image-position-top exad-post-grid-equal-height-yes\">\r\n        \t\t\r\n\t\t        <div class=\"exad-post-grid-body\">\r\n            \t\t\t\t\r\n\t\t\t\t\t\t\t\r\n                    <h3>\r\n\t\t\t\t\t\r\n\t\t\t\t\t\t\t\r\n                        <a href=\"https:\/\/soudayenfete.com\/index.php\/2025\/08\/07\/6-decembre-2025-super-loto-de-noel\/\" class=\"exad-post-grid-title\">6 D\u00e9cembre 2025 &#8211; Super loto de No\u00ebl<\/a>\r\n\t\t\t\t\r\n\t\t\t\t\t\t\t\t\t\r\n                    <\/h3>\r\n\t\t\t\t\t\r\n\t\t\t\t\t\t\t\t\r\n                                <div class=\"exad-post-grid-description\">\r\n                    Rendez-vous le 6 d\u00e9cembre pour le Super Loto de No\u00ebl de Souday En F\u00eate ! T&rsquo;as pas fait tes cadeaux ? Viens jouer au Loto...                <\/div>\r\n                            <div class=\"exad-post-footer\"><a href=\"https:\/\/soudayenfete.com\/index.php\/2025\/08\/07\/6-decembre-2025-super-loto-de-noel\/\" target=\"_blank\" class=\"read-more\">Lire la suite<\/a><\/div>\r\n            \r\n        <\/div>\r\n        \t\t\r\n\t\t\t\t\r\n    <\/div>\r\n<\/article>\r\n\r\n<article class=\"exad-post-grid-three exad-col  \">\r\n    <div class=\"exad-post-grid-container image-position-top exad-post-grid-equal-height-yes\">\r\n        \t\t\r\n\t\t        <div class=\"exad-post-grid-body\">\r\n            \t\t\t\t\r\n\t\t\t\t\t\t\t\r\n                    <h3>\r\n\t\t\t\t\t\r\n\t\t\t\t\t\t\t\r\n                        <a href=\"https:\/\/soudayenfete.com\/index.php\/2025\/08\/07\/25-octobre-2025-parade-dhalloween-et-soiree-dansante\/\" class=\"exad-post-grid-title\">25 Octobre 2025 &#8211; Parade d&rsquo;Halloween et soir\u00e9e dansante<\/a>\r\n\t\t\t\t\r\n\t\t\t\t\t\t\t\t\t\r\n                    <\/h3>\r\n\t\t\t\t\t\r\n\t\t\t\t\t\t\t\t\r\n                                <div class=\"exad-post-grid-description\">\r\n                    Comme chaque ann\u00e9e, le dernier samedi d&rsquo;octobre en fin d&rsquo;apr\u00e8s-midi, une grande parade pour Halloween va animer les rues du bourg de Souday. Tous les...                <\/div>\r\n                            <div class=\"exad-post-footer\"><a href=\"https:\/\/soudayenfete.com\/index.php\/2025\/08\/07\/25-octobre-2025-parade-dhalloween-et-soiree-dansante\/\" target=\"_blank\" class=\"read-more\">Lire la suite<\/a><\/div>\r\n            \r\n        <\/div>\r\n        \t\t\r\n\t\t\t\t\r\n    <\/div>\r\n<\/article>\r\n\r\n<article class=\"exad-post-grid-three exad-col  \">\r\n    <div class=\"exad-post-grid-container image-position-top exad-post-grid-equal-height-yes\">\r\n        \t\t\r\n\t\t        <div class=\"exad-post-grid-body\">\r\n            \t\t\t\t\r\n\t\t\t\t\t\t\t\r\n                    <h3>\r\n\t\t\t\t\t\r\n\t\t\t\t\t\t\t\r\n                        <a href=\"https:\/\/soudayenfete.com\/index.php\/2025\/01\/15\/6-juillet-2025-brocante-de-souday\/\" class=\"exad-post-grid-title\">6 Juillet 2025 &#8211; Brocante de Souday &#8211; ANNULEE<\/a>\r\n\t\t\t\t\r\n\t\t\t\t\t\t\t\t\t\r\n                    <\/h3>\r\n\t\t\t\t\t\r\n\t\t\t\t\t\t\t\t\r\n                                <div class=\"exad-post-grid-description\">\r\n                    Malgr\u00e9 un super programme, la m\u00e9t\u00e9o plus que capricieuse nous a contraint \u00e0 annuler cette brocante. Merci \u00e0 tous pour vos messages de soutien.Nous vous...                <\/div>\r\n                            <div class=\"exad-post-footer\"><a href=\"https:\/\/soudayenfete.com\/index.php\/2025\/01\/15\/6-juillet-2025-brocante-de-souday\/\" target=\"_blank\" class=\"read-more\">Lire la suite<\/a><\/div>\r\n            \r\n        <\/div>\r\n        \t\t\r\n\t\t\t\t\r\n    <\/div>\r\n<\/article>\r\n\r\n<article class=\"exad-post-grid-three exad-col  \">\r\n    <div class=\"exad-post-grid-container image-position-top exad-post-grid-equal-height-yes\">\r\n        \t\t\r\n\t\t        <div class=\"exad-post-grid-body\">\r\n            \t\t\t\t\r\n\t\t\t\t\t\t\t\r\n                    <h3>\r\n\t\t\t\t\t\r\n\t\t\t\t\t\t\t\r\n                        <a href=\"https:\/\/soudayenfete.com\/index.php\/2025\/01\/15\/10-mai-2025-soiree-a-theme-karaoke-et-dancefloor\/\" class=\"exad-post-grid-title\">10 Mai 2025 &#8211; Soir\u00e9e croisi\u00e8re en m\u00e9diterran\u00e9e &#8211; karaok\u00e9 et dancefloor<\/a>\r\n\t\t\t\t\r\n\t\t\t\t\t\t\t\t\t\r\n                    <\/h3>\r\n\t\t\t\t\t\r\n\t\t\t\t\t\t\t\t\r\n                                <div class=\"exad-post-grid-description\">\r\n                    Samedi 10 mai 2025 &#8211; Embarquement pour une croisi\u00e8re en M\u00e9diterran\u00e9e ! Cette ann\u00e9e, Souday En F\u00eate vous emm\u00e8ne en voyage le temps d\u2019une soir\u00e9e...                <\/div>\r\n                            <div class=\"exad-post-footer\"><a href=\"https:\/\/soudayenfete.com\/index.php\/2025\/01\/15\/10-mai-2025-soiree-a-theme-karaoke-et-dancefloor\/\" target=\"_blank\" class=\"read-more\">Lire la suite<\/a><\/div>\r\n            \r\n        <\/div>\r\n        \t\t\r\n\t\t\t\t\r\n    <\/div>\r\n<\/article>\r\n\r\n<article class=\"exad-post-grid-three exad-col  \">\r\n    <div class=\"exad-post-grid-container image-position-top exad-post-grid-equal-height-yes\">\r\n        \t\t\r\n\t\t        <div class=\"exad-post-grid-body\">\r\n            \t\t\t\t\r\n\t\t\t\t\t\t\t\r\n                    <h3>\r\n\t\t\t\t\t\r\n\t\t\t\t\t\t\t\r\n                        <a href=\"https:\/\/soudayenfete.com\/index.php\/2025\/01\/07\/assemblee-generale-2025-12-janvier-2025\/\" class=\"exad-post-grid-title\">Assembl\u00e9e g\u00e9n\u00e9rale 2025 &#8211; 12 Janvier 2025<\/a>\r\n\t\t\t\t\r\n\t\t\t\t\t\t\t\t\t\r\n                    <\/h3>\r\n\t\t\t\t\t\r\n\t\t\t\t\t\t\t\t\r\n                                <div class=\"exad-post-grid-description\">\r\n                    L&rsquo;association Souday en F\u00eate vous adresse ses meilleurs v\u0153ux pour cette nouvelle ann\u00e9e 2025 ! Nous avons le plaisir de vous convier \u00e0 notre Assembl\u00e9e...                <\/div>\r\n                            <div class=\"exad-post-footer\"><a href=\"https:\/\/soudayenfete.com\/index.php\/2025\/01\/07\/assemblee-generale-2025-12-janvier-2025\/\" target=\"_blank\" class=\"read-more\">Lire la suite<\/a><\/div>\r\n            \r\n        <\/div>\r\n        \t\t\r\n\t\t\t\t\r\n    <\/div>\r\n<\/article>\r\n\r\n<article class=\"exad-post-grid-three exad-col  \">\r\n    <div class=\"exad-post-grid-container image-position-top exad-post-grid-equal-height-yes\">\r\n        \t\t\r\n\t\t        <div class=\"exad-post-grid-body\">\r\n            \t\t\t\t\r\n\t\t\t\t\t\t\t\r\n                    <h3>\r\n\t\t\t\t\t\r\n\t\t\t\t\t\t\t\r\n                        <a href=\"https:\/\/soudayenfete.com\/index.php\/2024\/01\/15\/repas-des-membres-janvier-2024\/\" class=\"exad-post-grid-title\">Repas des membres Janvier 2024 \ud83c\udf5d<\/a>\r\n\t\t\t\t\r\n\t\t\t\t\t\t\t\t\t\r\n                    <\/h3>\r\n\t\t\t\t\t\r\n\t\t\t\t\t\t\t\t\r\n                                <div class=\"exad-post-grid-description\">\r\n                    L&rsquo;ann\u00e9e 2024 pour notre association s&rsquo;est d\u00e9but\u00e9e avec le repas des membres le 20 janvier. \ud83c\udf5d L&rsquo;occasion pour nous de pouvoir se rassembler autour d&rsquo;un...                <\/div>\r\n                            <div class=\"exad-post-footer\"><a href=\"https:\/\/soudayenfete.com\/index.php\/2024\/01\/15\/repas-des-membres-janvier-2024\/\" target=\"_blank\" class=\"read-more\">Lire la suite<\/a><\/div>\r\n            \r\n        <\/div>\r\n        \t\t\r\n\t\t\t\t\r\n    <\/div>\r\n<\/article>\r\n\r\n<article class=\"exad-post-grid-three exad-col  \">\r\n    <div class=\"exad-post-grid-container image-position-top exad-post-grid-equal-height-yes\">\r\n        \t\t\r\n\t\t        <div class=\"exad-post-grid-body\">\r\n            \t\t\t\t\r\n\t\t\t\t\t\t\t\r\n                    <h3>\r\n\t\t\t\t\t\r\n\t\t\t\t\t\t\t\r\n                        <a href=\"https:\/\/soudayenfete.com\/index.php\/2024\/01\/15\/assemblee-generale-2024-son-verre-de-lamitie\/\" class=\"exad-post-grid-title\">Assembl\u00e9e G\u00e9n\u00e9rale 2024 &amp; son Verre de l&rsquo;Amiti\u00e9 \ud83e\udd42<\/a>\r\n\t\t\t\t\r\n\t\t\t\t\t\t\t\t\t\r\n                    <\/h3>\r\n\t\t\t\t\t\r\n\t\t\t\t\t\t\t\t\r\n                                <div class=\"exad-post-grid-description\">\r\n                    Assembl\u00e9e G\u00e9n\u00e9rale et son Verre de l&rsquo;Amiti\u00e9 \ud83e\udd42 Apr\u00e8s une ann\u00e9e emplie de joie, de festivit\u00e9s, de rencontres, l&rsquo;association de Souday en F\u00eate vous a...                <\/div>\r\n                            <div class=\"exad-post-footer\"><a href=\"https:\/\/soudayenfete.com\/index.php\/2024\/01\/15\/assemblee-generale-2024-son-verre-de-lamitie\/\" target=\"_blank\" class=\"read-more\">Lire la suite<\/a><\/div>\r\n            \r\n        <\/div>\r\n        \t\t\r\n\t\t\t\t\r\n    <\/div>\r\n<\/article>\r\n\r\n<article class=\"exad-post-grid-three exad-col  \">\r\n    <div class=\"exad-post-grid-container image-position-top exad-post-grid-equal-height-yes\">\r\n        \t\t\r\n\t\t        <div class=\"exad-post-grid-body\">\r\n            \t\t\t\t\r\n\t\t\t\t\t\t\t\r\n                    <h3>\r\n\t\t\t\t\t\r\n\t\t\t\t\t\t\t\r\n                        <a href=\"https:\/\/soudayenfete.com\/index.php\/2024\/01\/15\/soiree-repas-des-annees-80-2024\/\" class=\"exad-post-grid-title\">04\/05\/2024 &#8211; Soir\u00e9e repas des ann\u00e9es 80 &#8211; 2024 \ud83d\udd7a\ud83d\udc83<\/a>\r\n\t\t\t\t\r\n\t\t\t\t\t\t\t\t\t\r\n                    <\/h3>\r\n\t\t\t\t\t\r\n\t\t\t\t\t\t\t\t\r\n                                <div class=\"exad-post-grid-description\">\r\n                    Retrouvez en vid\u00e9o l&rsquo;ambiance de notre soir\u00e9e ann\u00e9e 80 du 4 mai 2024.Vous l&rsquo;avez manqu\u00e9 ? Restez connect\u00e9s \u00e0 nos r\u00e9seaux sociaux ou consultez r\u00e9guli\u00e8rement...                <\/div>\r\n                            <div class=\"exad-post-footer\"><a href=\"https:\/\/soudayenfete.com\/index.php\/2024\/01\/15\/soiree-repas-des-annees-80-2024\/\" target=\"_blank\" class=\"read-more\">Lire la suite<\/a><\/div>\r\n            \r\n        <\/div>\r\n        \t\t\r\n\t\t\t\t\r\n    <\/div>\r\n<\/article>\r\n    \r\n\t\t\t<\/div>\r\n\t\t\t<div class=\"exad-post-grid-load-btn\">\r\n\t\t\t\t\t\t\t<\/div>\r\n\t\t<\/div>\r\n\r\n\t\t\t\t\t<\/div>\n\t\t\t\t<\/div>\n\t\t\t\t\t<\/div>\n\t\t<\/div>\n\t\t\t\t\t<\/div>\n\t\t<\/section>\n\t\t\t\t<\/div>\n\t\t","protected":false},"excerpt":{"rendered":"<p>Nos \u00e9v\u00e8nements pass\u00e9s Un peu de nostalgie ? Revivez nos festivit\u00e9s comme si c&rsquo;\u00e9tait hier.. Loto de No\u00ebl 2023 \u2744\ufe0f Loto de No\u00ebl de Souday : des num\u00e9ros, des rires &#038; des cadeaux \u2603\ufe0f Quoi de mieux pour terminer l&#8217;ann\u00e9e en beaut\u00e9 que le loto&#8230; Lire la suite Soir\u00e9e Halloween 2023 \ud83c\udf83 La soir\u00e9e d&#8217;Halloween&#8230;<\/p>\n","protected":false},"author":2,"featured_media":0,"parent":0,"menu_order":0,"comment_status":"closed","ping_status":"closed","template":"","meta":{"_kadence_starter_templates_imported_post":false,"_kad_post_transparent":"","_kad_post_title":"hide","_kad_post_layout":"fullwidth","_kad_post_sidebar_id":"","_kad_post_content_style":"unboxed","_kad_post_vertical_padding":"hide","_kad_post_feature":"hide","_kad_post_feature_position":"","_kad_post_header":false,"_kad_post_footer":false,"_kad_post_classname":"","footnotes":""},"class_list":["post-1497","page","type-page","status-publish","hentry"],"_links":{"self":[{"href":"https:\/\/soudayenfete.com\/index.php\/wp-json\/wp\/v2\/pages\/1497","targetHints":{"allow":["GET"]}}],"collection":[{"href":"https:\/\/soudayenfete.com\/index.php\/wp-json\/wp\/v2\/pages"}],"about":[{"href":"https:\/\/soudayenfete.com\/index.php\/wp-json\/wp\/v2\/types\/page"}],"author":[{"embeddable":true,"href":"https:\/\/soudayenfete.com\/index.php\/wp-json\/wp\/v2\/users\/2"}],"replies":[{"embeddable":true,"href":"https:\/\/soudayenfete.com\/index.php\/wp-json\/wp\/v2\/comments?post=1497"}],"version-history":[{"count":70,"href":"https:\/\/soudayenfete.com\/index.php\/wp-json\/wp\/v2\/pages\/1497\/revisions"}],"predecessor-version":[{"id":1971,"href":"https:\/\/soudayenfete.com\/index.php\/wp-json\/wp\/v2\/pages\/1497\/revisions\/1971"}],"wp:attachment":[{"href":"https:\/\/soudayenfete.com\/index.php\/wp-json\/wp\/v2\/media?parent=1497"}],"curies":[{"name":"wp","href":"https:\/\/api.w.org\/{rel}","templated":true}]}}