{"id":2652,"date":"2024-01-23T09:59:40","date_gmt":"2024-01-23T08:59:40","guid":{"rendered":"https:\/\/soudayenfete.com\/?page_id=2652"},"modified":"2024-01-23T10:02:14","modified_gmt":"2024-01-23T09:02:14","slug":"mentions-legales","status":"publish","type":"page","link":"https:\/\/soudayenfete.com\/index.php\/mentions-legales\/","title":{"rendered":"Mentions l\u00e9gales"},"content":{"rendered":"\t\t<div data-elementor-type=\"wp-page\" data-elementor-id=\"2652\" class=\"elementor elementor-2652\">\n\t\t\t\t\t\t<section class=\"elementor-section elementor-top-section elementor-element elementor-element-b75bdd4 elementor-section-boxed elementor-section-height-default elementor-section-height-default exad-glass-effect-no exad-sticky-section-no\" data-id=\"b75bdd4\" data-element_type=\"section\" data-e-type=\"section\">\n\t\t\t\t\t\t<div class=\"elementor-container elementor-column-gap-default\">\n\t\t\t\t\t<div class=\"elementor-column elementor-col-100 elementor-top-column elementor-element elementor-element-cc114f1 exad-glass-effect-no exad-sticky-section-no\" data-id=\"cc114f1\" data-element_type=\"column\" data-e-type=\"column\">\n\t\t\t<div class=\"elementor-widget-wrap elementor-element-populated\">\n\t\t\t\t\t\t<div class=\"elementor-element elementor-element-4330bbf exad-sticky-section-no exad-glass-effect-no elementor-widget elementor-widget-heading\" data-id=\"4330bbf\" data-element_type=\"widget\" data-e-type=\"widget\" data-widget_type=\"heading.default\">\n\t\t\t\t<div class=\"elementor-widget-container\">\n\t\t\t\t\t<h2 class=\"elementor-heading-title elementor-size-default\">Mentions l\u00e9gales<\/h2>\t\t\t\t<\/div>\n\t\t\t\t<\/div>\n\t\t\t\t<div class=\"elementor-element elementor-element-9ade666 exad-sticky-section-no exad-glass-effect-no elementor-widget elementor-widget-text-editor\" data-id=\"9ade666\" data-element_type=\"widget\" data-e-type=\"widget\" data-widget_type=\"text-editor.default\">\n\t\t\t\t<div class=\"elementor-widget-container\">\n\t\t\t\t\t\t\t\t\t<p dir=\"auto\"><strong>Mentions l\u00e9gales du site\u00a0<a href=\"https:\/\/soudayenfete.com\/\" target=\"_blank\" rel=\"nofollow noopener noreferrer ugc\">SoudayEnFete.Com<\/a><\/strong><\/p><p dir=\"auto\"><strong>\u00c9diteur du site :<\/strong><\/p><p dir=\"auto\">Nom de l\u2019association : Souday En F\u00eate<br \/>Forme juridique : Association loi 1901<br \/>Adresse du si\u00e8ge social : 6 rue de la mairie, 41170 COU\u00cbTRON-AU-PERCHE<br \/>Adresse e-mail :\u00a0<a href=\"mailto:fetesouday@gmail.com\">fetesouday@gmail.com<\/a><\/p><p dir=\"auto\"><strong>Directeur de la publication :<\/strong><\/p><p dir=\"auto\">Nom du directeur : Thomas Cl\u00e9menceau<\/p><p dir=\"auto\">H\u00e9bergeur du site : Hostinger<\/p><p dir=\"auto\">Raison sociale de l&rsquo;h\u00e9bergeur : Hostinger International Ltd.<br \/>Adresse de l&rsquo;h\u00e9bergeur : 61 Lordou Vironos Street, Larnaca, 6023, Chypre<\/p><p dir=\"auto\">\u200c<\/p><p dir=\"auto\"><strong>Propri\u00e9t\u00e9 intellectuelle :<\/strong><\/p><p dir=\"auto\">Le site\u00a0<a href=\"https:\/\/soudayenfete.com\/\" target=\"_blank\" rel=\"nofollow noopener noreferrer ugc\">SoudayEnFete.com<\/a>\u00a0et son contenu sont la propri\u00e9t\u00e9 exclusive de Souday En F\u00eate. Toute reproduction, distribution, ou repr\u00e9sentation totale ou partielle du site ou de son contenu est interdite sans autorisation expresse de l&rsquo;\u00e9diteur.<\/p><p dir=\"auto\">\u200c<\/p><p dir=\"auto\"><strong>Collecte de donn\u00e9es personnelles :<\/strong><\/p><p dir=\"auto\">Les informations personnelles collect\u00e9es sur le site\u00a0<a href=\"https:\/\/soudayenfete.com\/\" target=\"_blank\" rel=\"nofollow noopener noreferrer ugc\">SoudayEnFete.com<\/a>\u00a0font l&rsquo;objet d&rsquo;un traitement informatique destin\u00e9 \u00e0 la gestion et au recrutement de nouveaux membres. Conform\u00e9ment \u00e0 la loi \u00ab\u00a0Informatique et Libert\u00e9s\u00a0\u00bb du 6 janvier 1978, vous disposez d&rsquo;un droit d&rsquo;acc\u00e8s, de rectification et de suppression des donn\u00e9es vous concernant. Pour exercer ce droit, veuillez contacter\u00a0<a href=\"mailto:fetesouday@gmail.com\">fetesouday@gmail.com<\/a>.<\/p><p dir=\"auto\"><strong>Cookies<\/strong><\/p><p dir=\"auto\">Le site\u00a0<a href=\"https:\/\/soudayenfete.com\/\" target=\"_blank\" rel=\"nofollow noopener noreferrer ugc\">SoudayEnFete.com<\/a>\u00a0peut utiliser des cookies pour am\u00e9liorer l&rsquo;exp\u00e9rience utilisateur. En naviguant sur le site, vous consentez \u00e0 l&rsquo;utilisation de ces cookies. Ces cookies ne sont pas utilis\u00e9 \u00e0 des fins marketing ou publicitaires.<\/p><p dir=\"auto\">\u200c<\/p><p dir=\"auto\"><strong>Liens externes :<\/strong><\/p><p dir=\"auto\">Le site\u00a0<a href=\"https:\/\/soudayenfete.com\/\" target=\"_blank\" rel=\"nofollow noopener noreferrer ugc\">SoudayEnFete.com<\/a>\u00a0peut contenir des liens vers des sites externes. L&rsquo;\u00e9diteur du site d\u00e9cline toute responsabilit\u00e9 quant au contenu de ces sites.<\/p><p dir=\"auto\">\u200c<\/p><p dir=\"auto\"><strong>Droit applicable :<\/strong><\/p><p dir=\"auto\">Le pr\u00e9sent site est soumis au droit fran\u00e7ais.<\/p>\t\t\t\t\t\t\t\t<\/div>\n\t\t\t\t<\/div>\n\t\t\t\t<div class=\"elementor-element elementor-element-d77ba50 exad-sticky-section-no exad-glass-effect-no elementor-widget elementor-widget-spacer\" data-id=\"d77ba50\" data-element_type=\"widget\" data-e-type=\"widget\" data-widget_type=\"spacer.default\">\n\t\t\t\t<div class=\"elementor-widget-container\">\n\t\t\t\t\t\t\t<div class=\"elementor-spacer\">\n\t\t\t<div class=\"elementor-spacer-inner\"><\/div>\n\t\t<\/div>\n\t\t\t\t\t\t<\/div>\n\t\t\t\t<\/div>\n\t\t\t\t\t<\/div>\n\t\t<\/div>\n\t\t\t\t\t<\/div>\n\t\t<\/section>\n\t\t\t\t<\/div>\n\t\t","protected":false},"excerpt":{"rendered":"<p>Mentions l\u00e9gales Mentions l\u00e9gales du site\u00a0SoudayEnFete.Com \u00c9diteur du site : Nom de l\u2019association : Souday En F\u00eateForme juridique : Association loi 1901Adresse du si\u00e8ge social : 6 rue de la mairie, 41170 COU\u00cbTRON-AU-PERCHEAdresse e-mail :\u00a0fetesouday@gmail.com Directeur de la publication : Nom du directeur : Thomas Cl\u00e9menceau H\u00e9bergeur du site : Hostinger Raison sociale de l&rsquo;h\u00e9bergeur&#8230;<\/p>\n","protected":false},"author":1,"featured_media":0,"parent":0,"menu_order":0,"comment_status":"closed","ping_status":"closed","template":"","meta":{"_kadence_starter_templates_imported_post":false,"_kad_post_transparent":"","_kad_post_title":"hide","_kad_post_layout":"fullwidth","_kad_post_sidebar_id":"","_kad_post_content_style":"unboxed","_kad_post_vertical_padding":"hide","_kad_post_feature":"hide","_kad_post_feature_position":"","_kad_post_header":false,"_kad_post_footer":false,"_kad_post_classname":"","footnotes":""},"class_list":["post-2652","page","type-page","status-publish","hentry"],"_links":{"self":[{"href":"https:\/\/soudayenfete.com\/index.php\/wp-json\/wp\/v2\/pages\/2652","targetHints":{"allow":["GET"]}}],"collection":[{"href":"https:\/\/soudayenfete.com\/index.php\/wp-json\/wp\/v2\/pages"}],"about":[{"href":"https:\/\/soudayenfete.com\/index.php\/wp-json\/wp\/v2\/types\/page"}],"author":[{"embeddable":true,"href":"https:\/\/soudayenfete.com\/index.php\/wp-json\/wp\/v2\/users\/1"}],"replies":[{"embeddable":true,"href":"https:\/\/soudayenfete.com\/index.php\/wp-json\/wp\/v2\/comments?post=2652"}],"version-history":[{"count":9,"href":"https:\/\/soudayenfete.com\/index.php\/wp-json\/wp\/v2\/pages\/2652\/revisions"}],"predecessor-version":[{"id":2665,"href":"https:\/\/soudayenfete.com\/index.php\/wp-json\/wp\/v2\/pages\/2652\/revisions\/2665"}],"wp:attachment":[{"href":"https:\/\/soudayenfete.com\/index.php\/wp-json\/wp\/v2\/media?parent=2652"}],"curies":[{"name":"wp","href":"https:\/\/api.w.org\/{rel}","templated":true}]}}